{"id":142,"date":"2023-07-18T04:53:19","date_gmt":"2023-07-18T02:53:19","guid":{"rendered":"https:\/\/timotheemarguier.com\/?page_id=142"},"modified":"2024-06-12T05:23:35","modified_gmt":"2024-06-12T03:23:35","slug":"articles","status":"publish","type":"page","link":"https:\/\/timotheemarguier.com\/index.php\/articles\/","title":{"rendered":"Articles"},"content":{"rendered":"<ul class=\"wp-block-latest-posts__list is-grid columns-2 wp-block-latest-posts has-background has-white-background-color has-medium-font-size\"><li><div class=\"wp-block-latest-posts__featured-image\"><a href=\"https:\/\/timotheemarguier.com\/index.php\/2024\/06\/12\/5-tips-pour-prendre-un-bon-depart-en-regate\/\" aria-label=\"5 tips pour prendre un bon d\u00e9part en r\u00e9gate\u00a0\u2694\ufe0f\"><img loading=\"lazy\" decoding=\"async\" width=\"640\" height=\"366\" src=\"https:\/\/timotheemarguier.com\/wp-content\/uploads\/2024\/05\/DALL\u00b7E-2024-05-29-00.03.41-Side-view-of-a-sailing-race-start-with-the-committee-boat-positioned-on-the-far-left.-The-committee-boat-is-a-motorboat-anchored-and-displaying-signa-1024x585.webp\" class=\"attachment-large size-large wp-post-image\" alt=\"\" style=\"\" srcset=\"https:\/\/timotheemarguier.com\/wp-content\/uploads\/2024\/05\/DALL\u00b7E-2024-05-29-00.03.41-Side-view-of-a-sailing-race-start-with-the-committee-boat-positioned-on-the-far-left.-The-committee-boat-is-a-motorboat-anchored-and-displaying-signa-1024x585.webp 1024w, https:\/\/timotheemarguier.com\/wp-content\/uploads\/2024\/05\/DALL\u00b7E-2024-05-29-00.03.41-Side-view-of-a-sailing-race-start-with-the-committee-boat-positioned-on-the-far-left.-The-committee-boat-is-a-motorboat-anchored-and-displaying-signa-300x171.webp 300w, https:\/\/timotheemarguier.com\/wp-content\/uploads\/2024\/05\/DALL\u00b7E-2024-05-29-00.03.41-Side-view-of-a-sailing-race-start-with-the-committee-boat-positioned-on-the-far-left.-The-committee-boat-is-a-motorboat-anchored-and-displaying-signa-768x439.webp 768w, https:\/\/timotheemarguier.com\/wp-content\/uploads\/2024\/05\/DALL\u00b7E-2024-05-29-00.03.41-Side-view-of-a-sailing-race-start-with-the-committee-boat-positioned-on-the-far-left.-The-committee-boat-is-a-motorboat-anchored-and-displaying-signa-1536x878.webp 1536w, https:\/\/timotheemarguier.com\/wp-content\/uploads\/2024\/05\/DALL\u00b7E-2024-05-29-00.03.41-Side-view-of-a-sailing-race-start-with-the-committee-boat-positioned-on-the-far-left.-The-committee-boat-is-a-motorboat-anchored-and-displaying-signa.webp 1792w\" sizes=\"auto, (max-width: 640px) 100vw, 640px\" \/><\/a><\/div><a class=\"wp-block-latest-posts__post-title\" href=\"https:\/\/timotheemarguier.com\/index.php\/2024\/06\/12\/5-tips-pour-prendre-un-bon-depart-en-regate\/\">5 tips pour prendre un bon d\u00e9part en r\u00e9gate\u00a0\u2694\ufe0f<\/a><\/li>\n<li><div class=\"wp-block-latest-posts__featured-image\"><a href=\"https:\/\/timotheemarguier.com\/index.php\/2023\/07\/18\/stage-de-securite-world-sailing-une-etape-cruciale-pour-mon-projet-de-course-au-large\/\" aria-label=\"Stage de S\u00e9curit\u00e9 World Sailing : Une \u00e9tape cruciale pour mon projet de course au large\"><img loading=\"lazy\" decoding=\"async\" width=\"640\" height=\"687\" src=\"https:\/\/timotheemarguier.com\/wp-content\/uploads\/2023\/07\/IMG_7574-1-1-954x1024.jpg\" class=\"attachment-large size-large wp-post-image\" alt=\"\" style=\"\" srcset=\"https:\/\/timotheemarguier.com\/wp-content\/uploads\/2023\/07\/IMG_7574-1-1-954x1024.jpg 954w, https:\/\/timotheemarguier.com\/wp-content\/uploads\/2023\/07\/IMG_7574-1-1-279x300.jpg 279w, https:\/\/timotheemarguier.com\/wp-content\/uploads\/2023\/07\/IMG_7574-1-1-768x825.jpg 768w, https:\/\/timotheemarguier.com\/wp-content\/uploads\/2023\/07\/IMG_7574-1-1.jpg 1125w\" sizes=\"auto, (max-width: 640px) 100vw, 640px\" \/><\/a><\/div><a class=\"wp-block-latest-posts__post-title\" href=\"https:\/\/timotheemarguier.com\/index.php\/2023\/07\/18\/stage-de-securite-world-sailing-une-etape-cruciale-pour-mon-projet-de-course-au-large\/\">Stage de S\u00e9curit\u00e9 World Sailing : Une \u00e9tape cruciale pour mon projet de course au large<\/a><\/li>\n<\/ul>\n\n\n<p><\/p>\n\n\n\n<p><\/p>\n\n\n\n<div class=\"wp-block-contact-form-7-contact-form-selector\">\n<div class=\"wpcf7 no-js\" id=\"wpcf7-f12-o1\" lang=\"fr-FR\" dir=\"ltr\" data-wpcf7-id=\"12\">\n<div class=\"screen-reader-response\"><p role=\"status\" aria-live=\"polite\" aria-atomic=\"true\"><\/p> <ul><\/ul><\/div>\n<form action=\"\/index.php\/wp-json\/wp\/v2\/pages\/142#wpcf7-f12-o1\" method=\"post\" class=\"wpcf7-form init\" aria-label=\"Formulaire de contact\" novalidate=\"novalidate\" data-status=\"init\">\n<fieldset class=\"hidden-fields-container\"><input type=\"hidden\" name=\"_wpcf7\" value=\"12\" \/><input type=\"hidden\" name=\"_wpcf7_version\" value=\"6.1.5\" \/><input type=\"hidden\" name=\"_wpcf7_locale\" value=\"fr_FR\" \/><input type=\"hidden\" name=\"_wpcf7_unit_tag\" value=\"wpcf7-f12-o1\" \/><input type=\"hidden\" name=\"_wpcf7_container_post\" value=\"0\" \/><input type=\"hidden\" name=\"_wpcf7_posted_data_hash\" value=\"\" \/><input type=\"hidden\" name=\"_wpcf7_recaptcha_response\" value=\"\" \/>\n<\/fieldset>\n<p><label> Votre nom<br \/>\n<span class=\"wpcf7-form-control-wrap\" data-name=\"your-name\"><input size=\"40\" maxlength=\"400\" class=\"wpcf7-form-control wpcf7-text wpcf7-validates-as-required\" autocomplete=\"name\" aria-required=\"true\" aria-invalid=\"false\" value=\"\" type=\"text\" name=\"your-name\" \/><\/span> <\/label>\n<\/p>\n<p><label> Votre e-mail*<br \/>\n<span class=\"wpcf7-form-control-wrap\" data-name=\"your-email\"><input size=\"40\" maxlength=\"400\" class=\"wpcf7-form-control wpcf7-email wpcf7-validates-as-required wpcf7-text wpcf7-validates-as-email\" autocomplete=\"email\" aria-required=\"true\" aria-invalid=\"false\" value=\"\" type=\"email\" name=\"your-email\" \/><\/span> <\/label>\n<\/p>\n<p><label> Votre message (facultatif)<br \/>\n<span class=\"wpcf7-form-control-wrap\" data-name=\"your-message\"><textarea cols=\"40\" rows=\"10\" maxlength=\"2000\" class=\"wpcf7-form-control wpcf7-textarea\" aria-invalid=\"false\" name=\"your-message\"><\/textarea><\/span> <\/label>\n<\/p>\n<p><input class=\"wpcf7-form-control wpcf7-submit has-spinner\" type=\"submit\" value=\"Envoyer\" \/>\n<\/p><p style=\"display: none !important;\" class=\"akismet-fields-container\" data-prefix=\"_wpcf7_ak_\"><label>&#916;<textarea name=\"_wpcf7_ak_hp_textarea\" cols=\"45\" rows=\"8\" maxlength=\"100\"><\/textarea><\/label><input type=\"hidden\" id=\"ak_js_1\" name=\"_wpcf7_ak_js\" value=\"194\"\/><script>document.getElementById( \"ak_js_1\" ).setAttribute( \"value\", ( new Date() ).getTime() );<\/script><\/p><div class=\"wpcf7-response-output\" aria-hidden=\"true\"><\/div>\n<\/form>\n<\/div>\n<\/div>\n","protected":false},"excerpt":{"rendered":"","protected":false},"author":1,"featured_media":0,"parent":0,"menu_order":0,"comment_status":"closed","ping_status":"closed","template":"","meta":{"footnotes":""},"class_list":["post-142","page","type-page","status-publish","hentry"],"_links":{"self":[{"href":"https:\/\/timotheemarguier.com\/index.php\/wp-json\/wp\/v2\/pages\/142","targetHints":{"allow":["GET"]}}],"collection":[{"href":"https:\/\/timotheemarguier.com\/index.php\/wp-json\/wp\/v2\/pages"}],"about":[{"href":"https:\/\/timotheemarguier.com\/index.php\/wp-json\/wp\/v2\/types\/page"}],"author":[{"embeddable":true,"href":"https:\/\/timotheemarguier.com\/index.php\/wp-json\/wp\/v2\/users\/1"}],"replies":[{"embeddable":true,"href":"https:\/\/timotheemarguier.com\/index.php\/wp-json\/wp\/v2\/comments?post=142"}],"version-history":[{"count":10,"href":"https:\/\/timotheemarguier.com\/index.php\/wp-json\/wp\/v2\/pages\/142\/revisions"}],"predecessor-version":[{"id":244,"href":"https:\/\/timotheemarguier.com\/index.php\/wp-json\/wp\/v2\/pages\/142\/revisions\/244"}],"wp:attachment":[{"href":"https:\/\/timotheemarguier.com\/index.php\/wp-json\/wp\/v2\/media?parent=142"}],"curies":[{"name":"wp","href":"https:\/\/api.w.org\/{rel}","templated":true}]}}