{"id":2,"date":"2023-06-22T22:09:32","date_gmt":"2023-06-22T20:09:32","guid":{"rendered":"http:\/\/timotheemarguier.com\/?page_id=2"},"modified":"2025-10-28T22:26:57","modified_gmt":"2025-10-28T21:26:57","slug":"programme","status":"publish","type":"page","link":"https:\/\/timotheemarguier.com\/index.php\/programme\/","title":{"rendered":"Programme, R\u00e9sultats &amp; calendrier"},"content":{"rendered":"\n<blockquote class=\"wp-block-quote is-layout-flow wp-block-quote-is-layout-flow\">\n<h2 class=\"wp-block-heading\">\ud83e\udded Mon projet<\/h2>\n\n\n\n<p>Je suis <strong>Timoth\u00e9e Marguier<\/strong>, skipper du <strong>Mini 6.50 n\u00b0905 \u2013 Edouard Rousseau \u2013 Jetly<\/strong>.<br>Mon objectif : <strong>participer \u00e0 la Mini Transat 2027<\/strong>, une travers\u00e9e de l\u2019Atlantique en solitaire, sans assistance et sans communication.<br>Je navigue sur un <strong>Pogo 3 de s\u00e9rie<\/strong>, con\u00e7u par <em>Guillaume Verdier<\/em>, un bateau performant au portant et parfaitement adapt\u00e9 aux grandes courses au large.<\/p>\n\n\n<div class=\"wp-block-image\">\n<figure class=\"aligncenter size-full is-resized\"><img decoding=\"async\" src=\"https:\/\/timotheemarguier.com\/wp-content\/uploads\/2025\/10\/PY0A0668-1.jpg\" alt=\"\" class=\"wp-image-288\" style=\"width:345px;height:auto\"\/><\/figure>\n<\/div>\n\n\n<p>Je m\u2019entra\u00eene au <strong>P\u00f4le de La Turballe Course au Large<\/strong>, entour\u00e9 d\u2019autres passionn\u00e9s de la Classe Mini.<\/p>\n\n\n\n<hr class=\"wp-block-separator has-alpha-channel-opacity\"\/>\n\n\n\n<h2 class=\"wp-block-heading\">\u2693 R\u00e9sultats Saison 2025<\/h2>\n\n\n\n<p>Premi\u00e8re ann\u00e9e sur le <strong>circuit Atlantique<\/strong>, avec de belles progressions et plusieurs courses qualificatives :<\/p>\n\n\n\n<ul class=\"wp-block-list\">\n<li><strong>Plastimo Lorient Mini<\/strong> \u2013 31e\/51 (<em>4e Pogo<\/em>)<\/li>\n\n\n\n<li><strong>Pornichet Select<\/strong> \u2013 42e\/62 (<em>8e Pogo<\/em>)<\/li>\n\n\n\n<li><strong>Troph\u00e9e Marie-Agn\u00e8s P\u00e9ron<\/strong> \u2013 29e\/50 (<em>4e Pogo<\/em>)<\/li>\n\n\n\n<li><strong>Mini Fastnet<\/strong> \u2013 28e\/77 (<em>19e proto<\/em>)<\/li>\n\n\n\n<li><strong>Calvados Cup #1<\/strong> \u2013 11e\/20 (<em>3e Pogo<\/em>)<\/li>\n\n\n\n<li><strong>Calvados Cup #2<\/strong> \u2013 6e\/9 (\ud83e\udd47<em>1er Pogo<\/em>)<\/li>\n\n\n\n<li><strong>Puru Transgascogne<\/strong> \u2013 15e\/27 et 8e\/24 (\ud83e\udd47<em>1er Pogo sur les deux \u00e9tapes<\/em>)<\/li>\n<\/ul>\n\n\n\n<p>Une saison riche, formatrice, et pleine de milles gagn\u00e9s pour la qualification Mini Transat.<\/p>\n\n\n\n<hr class=\"wp-block-separator has-alpha-channel-opacity\"\/>\n\n\n\n<h2 class=\"wp-block-heading\">\ud83c\udf0a 2026 : Cap sur la M\u00e9diterran\u00e9e<\/h2>\n\n\n\n<p>Apr\u00e8s avoir d\u00e9couvert le <strong>circuit Atlantique<\/strong>, je prendrai le d\u00e9part de la <strong>saison 2025 en M\u00e9diterran\u00e9e<\/strong>.<br>Objectif : continuer \u00e0 engranger des milles, d\u00e9couvrir de nouveaux plans d\u2019eau et affiner ma pr\u00e9paration pour la <strong>Mini Transat 2027<\/strong>.<\/p>\n\n\n\n<p><\/p>\n<\/blockquote>\n\n\n\n<h4 class=\"wp-block-heading\"><\/h4>\n\n\n\n<div class=\"wp-block-contact-form-7-contact-form-selector\">\n<div class=\"wpcf7 no-js\" id=\"wpcf7-f12-o1\" lang=\"fr-FR\" dir=\"ltr\" data-wpcf7-id=\"12\">\n<div class=\"screen-reader-response\"><p role=\"status\" aria-live=\"polite\" aria-atomic=\"true\"><\/p> <ul><\/ul><\/div>\n<form action=\"\/index.php\/wp-json\/wp\/v2\/pages\/2#wpcf7-f12-o1\" method=\"post\" class=\"wpcf7-form init\" aria-label=\"Formulaire de contact\" novalidate=\"novalidate\" data-status=\"init\">\n<fieldset class=\"hidden-fields-container\"><input type=\"hidden\" name=\"_wpcf7\" value=\"12\" \/><input type=\"hidden\" name=\"_wpcf7_version\" value=\"6.1.5\" \/><input type=\"hidden\" name=\"_wpcf7_locale\" value=\"fr_FR\" \/><input type=\"hidden\" name=\"_wpcf7_unit_tag\" value=\"wpcf7-f12-o1\" \/><input type=\"hidden\" name=\"_wpcf7_container_post\" value=\"0\" \/><input type=\"hidden\" name=\"_wpcf7_posted_data_hash\" value=\"\" \/><input type=\"hidden\" name=\"_wpcf7_recaptcha_response\" value=\"\" \/>\n<\/fieldset>\n<p><label> Votre nom<br \/>\n<span class=\"wpcf7-form-control-wrap\" data-name=\"your-name\"><input size=\"40\" maxlength=\"400\" class=\"wpcf7-form-control wpcf7-text wpcf7-validates-as-required\" autocomplete=\"name\" aria-required=\"true\" aria-invalid=\"false\" value=\"\" type=\"text\" name=\"your-name\" \/><\/span> <\/label>\n<\/p>\n<p><label> Votre e-mail*<br \/>\n<span class=\"wpcf7-form-control-wrap\" data-name=\"your-email\"><input size=\"40\" maxlength=\"400\" class=\"wpcf7-form-control wpcf7-email wpcf7-validates-as-required wpcf7-text wpcf7-validates-as-email\" autocomplete=\"email\" aria-required=\"true\" aria-invalid=\"false\" value=\"\" type=\"email\" name=\"your-email\" \/><\/span> <\/label>\n<\/p>\n<p><label> Votre message (facultatif)<br \/>\n<span class=\"wpcf7-form-control-wrap\" data-name=\"your-message\"><textarea cols=\"40\" rows=\"10\" maxlength=\"2000\" class=\"wpcf7-form-control wpcf7-textarea\" aria-invalid=\"false\" name=\"your-message\"><\/textarea><\/span> <\/label>\n<\/p>\n<p><input class=\"wpcf7-form-control wpcf7-submit has-spinner\" type=\"submit\" value=\"Envoyer\" \/>\n<\/p><p style=\"display: none !important;\" class=\"akismet-fields-container\" data-prefix=\"_wpcf7_ak_\"><label>&#916;<textarea name=\"_wpcf7_ak_hp_textarea\" cols=\"45\" rows=\"8\" maxlength=\"100\"><\/textarea><\/label><input type=\"hidden\" id=\"ak_js_1\" name=\"_wpcf7_ak_js\" value=\"0\"\/><script>document.getElementById( \"ak_js_1\" ).setAttribute( \"value\", ( new Date() ).getTime() );<\/script><\/p><div class=\"wpcf7-response-output\" aria-hidden=\"true\"><\/div>\n<\/form>\n<\/div>\n<\/div>\n","protected":false},"excerpt":{"rendered":"","protected":false},"author":1,"featured_media":0,"parent":0,"menu_order":0,"comment_status":"closed","ping_status":"open","template":"","meta":{"footnotes":""},"class_list":["post-2","page","type-page","status-publish","hentry"],"_links":{"self":[{"href":"https:\/\/timotheemarguier.com\/index.php\/wp-json\/wp\/v2\/pages\/2","targetHints":{"allow":["GET"]}}],"collection":[{"href":"https:\/\/timotheemarguier.com\/index.php\/wp-json\/wp\/v2\/pages"}],"about":[{"href":"https:\/\/timotheemarguier.com\/index.php\/wp-json\/wp\/v2\/types\/page"}],"author":[{"embeddable":true,"href":"https:\/\/timotheemarguier.com\/index.php\/wp-json\/wp\/v2\/users\/1"}],"replies":[{"embeddable":true,"href":"https:\/\/timotheemarguier.com\/index.php\/wp-json\/wp\/v2\/comments?post=2"}],"version-history":[{"count":17,"href":"https:\/\/timotheemarguier.com\/index.php\/wp-json\/wp\/v2\/pages\/2\/revisions"}],"predecessor-version":[{"id":290,"href":"https:\/\/timotheemarguier.com\/index.php\/wp-json\/wp\/v2\/pages\/2\/revisions\/290"}],"wp:attachment":[{"href":"https:\/\/timotheemarguier.com\/index.php\/wp-json\/wp\/v2\/media?parent=2"}],"curies":[{"name":"wp","href":"https:\/\/api.w.org\/{rel}","templated":true}]}}