{"id":41,"date":"2023-06-23T05:22:32","date_gmt":"2023-06-23T03:22:32","guid":{"rendered":"https:\/\/timotheemarguier.com\/?page_id=41"},"modified":"2026-01-20T12:29:22","modified_gmt":"2026-01-20T11:29:22","slug":"home-2","status":"publish","type":"page","link":"https:\/\/timotheemarguier.com\/","title":{"rendered":"CAP SUR LA MINI TRANSAT 2027"},"content":{"rendered":"\n<h2 class=\"wp-block-heading has-medium-font-size\">UN PROJET SUR 3 ANN\u00c9ES POUR TRAVERSER L&#8217;ATLANTIQUE EN SOLITAIRE<\/h2>\n\n\n\n<div class=\"wp-block-columns is-layout-flex wp-container-core-columns-is-layout-9d6595d7 wp-block-columns-is-layout-flex\">\n<div class=\"wp-block-column is-layout-flow wp-block-column-is-layout-flow\">\n<figure class=\"wp-block-image size-full is-resized is-style-default\"><img loading=\"lazy\" decoding=\"async\" width=\"785\" height=\"859\" src=\"http:\/\/timotheemarguier.com\/wp-content\/uploads\/2023\/06\/Profil-1.png\" alt=\"voilier skipper barreur\" class=\"wp-image-20\" style=\"width:244px;height:auto\" srcset=\"https:\/\/timotheemarguier.com\/wp-content\/uploads\/2023\/06\/Profil-1.png 785w, https:\/\/timotheemarguier.com\/wp-content\/uploads\/2023\/06\/Profil-1-274x300.png 274w, https:\/\/timotheemarguier.com\/wp-content\/uploads\/2023\/06\/Profil-1-768x840.png 768w\" sizes=\"auto, (max-width: 785px) 100vw, 785px\" \/><\/figure>\n<\/div>\n\n\n\n<div class=\"wp-block-column is-layout-flow wp-block-column-is-layout-flow\">\n<p class=\"has-medium-font-size\"><br>En qu\u00eate d&#8217;aventure et de d\u00e9fis uniques, je suis un skipper passionn\u00e9 de voile en solitaire. Aujourd&#8217;hui, je me pr\u00e9pare \u00e0 relever mon plus grand d\u00e9fi :<strong> traverser l&#8217;Atlantique en solitaire et courir 3 ann\u00e9es sur le circuit de course au large 6.5.<\/strong><\/p>\n\n\n\n<p class=\"has-medium-font-size\"><\/p>\n\n\n\n<p class=\"has-medium-font-size\"><\/p>\n<\/div>\n<\/div>\n\n\n\n<h2 class=\"wp-block-heading has-medium-font-size\">Objectif Mini Transat 2027<\/h2>\n\n\n\n<div class=\"wp-block-columns is-layout-flex wp-container-core-columns-is-layout-9d6595d7 wp-block-columns-is-layout-flex\">\n<div class=\"wp-block-column is-layout-flow wp-block-column-is-layout-flow\">\n<p>La <strong>mini-transat<\/strong>, cr\u00e9\u00e9e en 1977 est organis\u00e9e chaque ann\u00e9e impaire, \u00e9v\u00e9nement majeur du circuit mini 6.5, elle rassemble des marins du monde entier. La 26\u00e8me \u00e9dition de cette prestigieuse course, pr\u00e9vue en 2027, elle r\u00e9unira environ 90 participants, parmi lesquels des navigateurs prometteurs ainsi que des passionn\u00e9s en qu\u00eate d&#8217;aventure maritime et de libert\u00e9.<\/p>\n<\/div>\n<\/div>\n\n\n<div class=\"wp-block-image\">\n<figure class=\"aligncenter size-large is-resized\"><img loading=\"lazy\" decoding=\"async\" width=\"1024\" height=\"512\" src=\"https:\/\/timotheemarguier.com\/wp-content\/uploads\/2026\/01\/carte-parcours-mini-transat-jetly-2026-3-1024x512.jpg\" alt=\"\" class=\"wp-image-297\" style=\"width:596px;height:auto\" srcset=\"https:\/\/timotheemarguier.com\/wp-content\/uploads\/2026\/01\/carte-parcours-mini-transat-jetly-2026-3-1024x512.jpg 1024w, https:\/\/timotheemarguier.com\/wp-content\/uploads\/2026\/01\/carte-parcours-mini-transat-jetly-2026-3-300x150.jpg 300w, https:\/\/timotheemarguier.com\/wp-content\/uploads\/2026\/01\/carte-parcours-mini-transat-jetly-2026-3-768x384.jpg 768w, https:\/\/timotheemarguier.com\/wp-content\/uploads\/2026\/01\/carte-parcours-mini-transat-jetly-2026-3-1536x768.jpg 1536w, https:\/\/timotheemarguier.com\/wp-content\/uploads\/2026\/01\/carte-parcours-mini-transat-jetly-2026-3-2048x1024.jpg 2048w\" sizes=\"auto, (max-width: 1024px) 100vw, 1024px\" \/><figcaption class=\"wp-element-caption\">Parcours mini-transat 2027<\/figcaption><\/figure>\n<\/div>\n\n\n<p>Cette \u00e9preuve, qui se d\u00e9roule <strong>en solitaire<\/strong>, <strong>sans communication et sans assistance<\/strong> \u00e0 bord de voiliers de 6.50 m\u00e8tres, repr\u00e9sente une v\u00e9ritable \u00e9cole de la course au large. Les skippers doivent \u00eatre polyvalents et autonomes pour faire avancer leur bateau malgr\u00e9 les d\u00e9fis constants de la mer.<\/p>\n\n\n\n<p class=\"has-medium-font-size\">La travers\u00e9e se d\u00e9roulera en deux \u00e9tapes.<br>Le <strong>d\u00e9part sera donn\u00e9 depuis La Rochelle<\/strong>, avec une escale aux <strong>\u00eeles Canaries<\/strong>, avant une arriv\u00e9e finale \u00e0 <strong>Salvador de Bahia, au Br\u00e9sil<\/strong>.<\/p>\n\n\n\n<p>La Course au Large incarne l&#8217;esprit d&#8217;aventure et de d\u00e9fi de la voile en solitaire, offrant ainsi aux marins une occasion unique de repousser leurs limites et de vivre des moments inoubliables en haute mer.<\/p>\n\n\n\n<h2 class=\"wp-block-heading\">Partenaires<\/h2>\n\n\n\n<div class=\"wp-block-columns is-layout-flex wp-container-core-columns-is-layout-9d6595d7 wp-block-columns-is-layout-flex\">\n<div class=\"wp-block-column is-layout-flow wp-block-column-is-layout-flow\"><div class=\"wp-block-image\">\n<figure class=\"aligncenter size-full is-resized\"><a href=\"https:\/\/edouard-rousseau.fr\/\"><img loading=\"lazy\" decoding=\"async\" width=\"589\" height=\"277\" src=\"https:\/\/timotheemarguier.com\/wp-content\/uploads\/2025\/03\/Logo_ER_2025-1.png-1.png\" alt=\"\" class=\"wp-image-276\" style=\"width:350px;height:auto\" srcset=\"https:\/\/timotheemarguier.com\/wp-content\/uploads\/2025\/03\/Logo_ER_2025-1.png-1.png 589w, https:\/\/timotheemarguier.com\/wp-content\/uploads\/2025\/03\/Logo_ER_2025-1.png-1-300x141.png 300w\" sizes=\"auto, (max-width: 589px) 100vw, 589px\" \/><\/a><\/figure>\n<\/div><\/div>\n\n\n\n<div class=\"wp-block-column is-layout-flow wp-block-column-is-layout-flow\"><div class=\"wp-block-image\">\n<figure class=\"aligncenter size-large is-resized\"><a href=\"https:\/\/www.jetly.com\/fr\/\"><img loading=\"lazy\" decoding=\"async\" width=\"1024\" height=\"477\" src=\"https:\/\/timotheemarguier.com\/wp-content\/uploads\/2025\/03\/LOGO_JETLY-seul-0089bc-1024x477.png\" alt=\"\" class=\"wp-image-277\" style=\"width:344px;height:auto\" srcset=\"https:\/\/timotheemarguier.com\/wp-content\/uploads\/2025\/03\/LOGO_JETLY-seul-0089bc-1024x477.png 1024w, https:\/\/timotheemarguier.com\/wp-content\/uploads\/2025\/03\/LOGO_JETLY-seul-0089bc-300x140.png 300w, https:\/\/timotheemarguier.com\/wp-content\/uploads\/2025\/03\/LOGO_JETLY-seul-0089bc-768x358.png 768w, https:\/\/timotheemarguier.com\/wp-content\/uploads\/2025\/03\/LOGO_JETLY-seul-0089bc-1536x716.png 1536w, https:\/\/timotheemarguier.com\/wp-content\/uploads\/2025\/03\/LOGO_JETLY-seul-0089bc.png 1777w\" sizes=\"auto, (max-width: 1024px) 100vw, 1024px\" \/><\/a><\/figure>\n<\/div><\/div>\n<\/div>\n\n\n\n<div class=\"wp-block-columns is-layout-flex wp-container-core-columns-is-layout-9d6595d7 wp-block-columns-is-layout-flex\">\n<div class=\"wp-block-column is-layout-flow wp-block-column-is-layout-flow\"><div class=\"wp-block-image\">\n<figure class=\"aligncenter size-large is-resized\"><a href=\"https:\/\/www.odrea.fr\/\"><img loading=\"lazy\" decoding=\"async\" width=\"1024\" height=\"298\" src=\"https:\/\/timotheemarguier.com\/wp-content\/uploads\/2025\/03\/Logo-Odrea-PNG-1024x298.png\" alt=\"\" class=\"wp-image-278\" style=\"width:298px;height:auto\" srcset=\"https:\/\/timotheemarguier.com\/wp-content\/uploads\/2025\/03\/Logo-Odrea-PNG-1024x298.png 1024w, https:\/\/timotheemarguier.com\/wp-content\/uploads\/2025\/03\/Logo-Odrea-PNG-300x87.png 300w, https:\/\/timotheemarguier.com\/wp-content\/uploads\/2025\/03\/Logo-Odrea-PNG-768x224.png 768w, https:\/\/timotheemarguier.com\/wp-content\/uploads\/2025\/03\/Logo-Odrea-PNG-1536x447.png 1536w, https:\/\/timotheemarguier.com\/wp-content\/uploads\/2025\/03\/Logo-Odrea-PNG-2048x596.png 2048w\" sizes=\"auto, (max-width: 1024px) 100vw, 1024px\" \/><\/a><\/figure>\n<\/div><\/div>\n\n\n\n<div class=\"wp-block-column is-layout-flow wp-block-column-is-layout-flow\"><div class=\"wp-block-image\">\n<figure class=\"aligncenter size-large is-resized\"><a href=\"https:\/\/www.spido.fr\/fr\/\"><img loading=\"lazy\" decoding=\"async\" width=\"1024\" height=\"261\" src=\"https:\/\/timotheemarguier.com\/wp-content\/uploads\/2025\/03\/logo-spido-1024x261.png\" alt=\"\" class=\"wp-image-280\" style=\"width:334px;height:auto\" srcset=\"https:\/\/timotheemarguier.com\/wp-content\/uploads\/2025\/03\/logo-spido-1024x261.png 1024w, https:\/\/timotheemarguier.com\/wp-content\/uploads\/2025\/03\/logo-spido-300x76.png 300w, https:\/\/timotheemarguier.com\/wp-content\/uploads\/2025\/03\/logo-spido-768x196.png 768w, https:\/\/timotheemarguier.com\/wp-content\/uploads\/2025\/03\/logo-spido-1536x392.png 1536w, https:\/\/timotheemarguier.com\/wp-content\/uploads\/2025\/03\/logo-spido-2048x522.png 2048w\" sizes=\"auto, (max-width: 1024px) 100vw, 1024px\" \/><\/a><\/figure>\n<\/div><\/div>\n<\/div>\n\n\n\n<h4 class=\"wp-block-heading\">Partenaire acad\u00e9mique<\/h4>\n\n\n<div class=\"wp-block-image\">\n<figure class=\"aligncenter size-large is-resized\"><a href=\"https:\/\/www.efrei.fr\/\"><img loading=\"lazy\" decoding=\"async\" width=\"1024\" height=\"334\" src=\"https:\/\/timotheemarguier.com\/wp-content\/uploads\/2024\/08\/LOGO_EFREI_WEB_bleu-1024x334.png\" alt=\"\" class=\"wp-image-265\" style=\"width:297px;height:auto\" srcset=\"https:\/\/timotheemarguier.com\/wp-content\/uploads\/2024\/08\/LOGO_EFREI_WEB_bleu-1024x334.png 1024w, https:\/\/timotheemarguier.com\/wp-content\/uploads\/2024\/08\/LOGO_EFREI_WEB_bleu-300x98.png 300w, https:\/\/timotheemarguier.com\/wp-content\/uploads\/2024\/08\/LOGO_EFREI_WEB_bleu-768x250.png 768w, https:\/\/timotheemarguier.com\/wp-content\/uploads\/2024\/08\/LOGO_EFREI_WEB_bleu.png 1046w\" sizes=\"auto, (max-width: 1024px) 100vw, 1024px\" \/><\/a><\/figure>\n<\/div>\n\n\n<h2 class=\"wp-block-heading\">Contact<\/h2>\n\n\n\n<p><\/p>\n\n\n\n<div class=\"wp-block-contact-form-7-contact-form-selector\">\n<div class=\"wpcf7 no-js\" id=\"wpcf7-f12-o1\" lang=\"fr-FR\" dir=\"ltr\" data-wpcf7-id=\"12\">\n<div class=\"screen-reader-response\"><p role=\"status\" aria-live=\"polite\" aria-atomic=\"true\"><\/p> <ul><\/ul><\/div>\n<form action=\"\/index.php\/wp-json\/wp\/v2\/pages\/41#wpcf7-f12-o1\" method=\"post\" class=\"wpcf7-form init\" aria-label=\"Formulaire de contact\" novalidate=\"novalidate\" data-status=\"init\">\n<fieldset class=\"hidden-fields-container\"><input type=\"hidden\" name=\"_wpcf7\" value=\"12\" \/><input type=\"hidden\" name=\"_wpcf7_version\" value=\"6.1.5\" \/><input type=\"hidden\" name=\"_wpcf7_locale\" value=\"fr_FR\" \/><input type=\"hidden\" name=\"_wpcf7_unit_tag\" value=\"wpcf7-f12-o1\" \/><input type=\"hidden\" name=\"_wpcf7_container_post\" value=\"0\" \/><input type=\"hidden\" name=\"_wpcf7_posted_data_hash\" value=\"\" \/><input type=\"hidden\" name=\"_wpcf7_recaptcha_response\" value=\"\" \/>\n<\/fieldset>\n<p><label> Votre nom<br \/>\n<span class=\"wpcf7-form-control-wrap\" data-name=\"your-name\"><input size=\"40\" maxlength=\"400\" class=\"wpcf7-form-control wpcf7-text wpcf7-validates-as-required\" autocomplete=\"name\" aria-required=\"true\" aria-invalid=\"false\" value=\"\" type=\"text\" name=\"your-name\" \/><\/span> <\/label>\n<\/p>\n<p><label> Votre e-mail*<br \/>\n<span class=\"wpcf7-form-control-wrap\" data-name=\"your-email\"><input size=\"40\" maxlength=\"400\" class=\"wpcf7-form-control wpcf7-email wpcf7-validates-as-required wpcf7-text wpcf7-validates-as-email\" autocomplete=\"email\" aria-required=\"true\" aria-invalid=\"false\" value=\"\" type=\"email\" name=\"your-email\" \/><\/span> <\/label>\n<\/p>\n<p><label> Votre message (facultatif)<br \/>\n<span class=\"wpcf7-form-control-wrap\" data-name=\"your-message\"><textarea cols=\"40\" rows=\"10\" maxlength=\"2000\" class=\"wpcf7-form-control wpcf7-textarea\" aria-invalid=\"false\" name=\"your-message\"><\/textarea><\/span> <\/label>\n<\/p>\n<p><input class=\"wpcf7-form-control wpcf7-submit has-spinner\" type=\"submit\" value=\"Envoyer\" \/>\n<\/p><p style=\"display: none !important;\" class=\"akismet-fields-container\" data-prefix=\"_wpcf7_ak_\"><label>&#916;<textarea name=\"_wpcf7_ak_hp_textarea\" cols=\"45\" rows=\"8\" maxlength=\"100\"><\/textarea><\/label><input type=\"hidden\" id=\"ak_js_1\" name=\"_wpcf7_ak_js\" value=\"203\"\/><script>document.getElementById( \"ak_js_1\" ).setAttribute( \"value\", ( new Date() ).getTime() );<\/script><\/p><div class=\"wpcf7-response-output\" aria-hidden=\"true\"><\/div>\n<\/form>\n<\/div>\n<\/div>\n","protected":false},"excerpt":{"rendered":"<p>UN PROJET SUR 3 ANN\u00c9ES POUR TRAVERSER L&#8217;ATLANTIQUE EN SOLITAIRE En qu\u00eate d&#8217;aventure et de d\u00e9fis uniques, je suis un skipper passionn\u00e9 de voile en solitaire. Aujourd&#8217;hui, je me pr\u00e9pare \u00e0 relever mon plus grand d\u00e9fi : traverser l&#8217;Atlantique en solitaire et courir 3 ann\u00e9es sur le circuit de course au large 6.5. Objectif Mini&#8230;<\/p>\n","protected":false},"author":1,"featured_media":0,"parent":0,"menu_order":0,"comment_status":"closed","ping_status":"closed","template":"","meta":{"footnotes":""},"class_list":["post-41","page","type-page","status-publish","hentry"],"_links":{"self":[{"href":"https:\/\/timotheemarguier.com\/index.php\/wp-json\/wp\/v2\/pages\/41","targetHints":{"allow":["GET"]}}],"collection":[{"href":"https:\/\/timotheemarguier.com\/index.php\/wp-json\/wp\/v2\/pages"}],"about":[{"href":"https:\/\/timotheemarguier.com\/index.php\/wp-json\/wp\/v2\/types\/page"}],"author":[{"embeddable":true,"href":"https:\/\/timotheemarguier.com\/index.php\/wp-json\/wp\/v2\/users\/1"}],"replies":[{"embeddable":true,"href":"https:\/\/timotheemarguier.com\/index.php\/wp-json\/wp\/v2\/comments?post=41"}],"version-history":[{"count":46,"href":"https:\/\/timotheemarguier.com\/index.php\/wp-json\/wp\/v2\/pages\/41\/revisions"}],"predecessor-version":[{"id":300,"href":"https:\/\/timotheemarguier.com\/index.php\/wp-json\/wp\/v2\/pages\/41\/revisions\/300"}],"wp:attachment":[{"href":"https:\/\/timotheemarguier.com\/index.php\/wp-json\/wp\/v2\/media?parent=41"}],"curies":[{"name":"wp","href":"https:\/\/api.w.org\/{rel}","templated":true}]}}